{"id":2301,"date":"2024-07-19T18:54:05","date_gmt":"2024-07-19T18:54:05","guid":{"rendered":""},"modified":"2024-08-04T04:12:33","modified_gmt":"2024-08-04T04:12:33","slug":"sobre-nosotros","status":"publish","type":"page","link":"https:\/\/sonotec.mx\/?page_id=2301","title":{"rendered":"Sobre Nosotros"},"content":{"rendered":"\n<div class=\"wp-block-uagb-container uagb-block-3ad17e27 alignfull uagb-is-root-container\"><div class=\"uagb-container-inner-blocks-wrap\">\n<div class=\"wp-block-uagb-advanced-heading uagb-block-8a1eebc0\"><h1 class=\"uagb-heading-text\">Sobre Nosotros<\/h1><\/div>\n<\/div><\/div>\n\n\n\n<div class=\"wp-block-uagb-container uagb-block-f8ec2bd3 alignfull uagb-is-root-container\"><div class=\"uagb-container-inner-blocks-wrap\">\n<div class=\"wp-block-uagb-advanced-heading uagb-block-e874992d\"><h2 class=\"uagb-heading-text\">En Sonotec, nos dedicamos a ofrecer&nbsp;<strong>soluciones ac\u00fasticas<\/strong>&nbsp;innovadoras y de alta calidad. Especializados en la fabricaci\u00f3n de&nbsp;<strong>paneles ac\u00fasticos<\/strong>&nbsp;decorativos y&nbsp;<strong>absorbentes de sonido<\/strong>, nuestros productos est\u00e1n dise\u00f1ados para optimizar la ac\u00fastica y la est\u00e9tica de cualquier espacio. Utilizamos&nbsp;<strong>materiales de primera calidad<\/strong>&nbsp;para garantizar un&nbsp;<strong>rendimiento ac\u00fastico excepcional<\/strong>&nbsp;y una&nbsp;<strong>durabilidad a largo plazo<\/strong>. Ideales para oficinas, auditorios y hogares, nuestras soluciones ayudan a crear ambientes m\u00e1s tranquilos y est\u00e9ticamente agradables.<\/h2><\/div>\n\n\n\n<div class=\"wp-block-uagb-image aligncenter uagb-block-2d710799 wp-block-uagb-image--layout-default wp-block-uagb-image--effect-static wp-block-uagb-image--align-center\"><figure class=\"wp-block-uagb-image__figure\"><img loading=\"lazy\" decoding=\"async\" srcset=\"https:\/\/sonotec.mx\/wp-content\/uploads\/2024\/08\/b93950fd-eb70-41f1-a505-1f3924681a47-e1722744707853.jpg ,https:\/\/sonotec.mx\/wp-content\/uploads\/2024\/08\/b93950fd-eb70-41f1-a505-1f3924681a47-e1722744707853.jpg 780w, https:\/\/sonotec.mx\/wp-content\/uploads\/2024\/08\/b93950fd-eb70-41f1-a505-1f3924681a47-e1722744707853.jpg 360w\" sizes=\"(max-width: 480px) 150px\" src=\"https:\/\/sonotec.mx\/wp-content\/uploads\/2024\/08\/b93950fd-eb70-41f1-a505-1f3924681a47-e1722744707853.jpg\" alt=\"\" class=\"uag-image-2686\" width=\"812\" height=\"764\" title=\"b93950fd-eb70-41f1-a505-1f3924681a47\" loading=\"lazy\" role=\"img\"\/><\/figure><\/div>\n\n\n\n<div class=\"wp-block-uagb-container uagb-block-72514f6d\">\n<div class=\"wp-block-uagb-advanced-heading uagb-block-b317ae0b\"><h3 class=\"uagb-heading-text\">Misi\u00f3n<\/h3><p class=\"uagb-desc-text\">En Sonotec, nuestra misi\u00f3n es transformar los espacios en entornos ac\u00fasticamente eficientes y est\u00e9ticamente atractivos. Nos especializamos en el dise\u00f1o y fabricaci\u00f3n de paneles ac\u00fasticos y decorativos de alta calidad, proporcionando soluciones que no solo reducen el ruido ambiental, sino que tambi\u00e9n realzan la est\u00e9tica de cualquier espacio. Utilizamos materiales sostenibles y tecnolog\u00edas innovadoras para asegurar el bienestar y confort de nuestros clientes en oficinas, auditorios, y hogares&nbsp;&nbsp;<\/p><\/div>\n\n\n\n<div class=\"wp-block-uagb-advanced-heading uagb-block-3b00767d\"><h3 class=\"uagb-heading-text\">Visi\u00f3n <\/h3><p class=\"uagb-desc-text\">Nuestra visi\u00f3n es ser l\u00edderes en el mercado de paneles ac\u00fasticos decorativos, reconocidos por nuestra innovaci\u00f3n y compromiso con la sostenibilidad. Nos esforzamos por ofrecer productos que no solo mejoren la calidad ac\u00fastica de los espacios, sino que tambi\u00e9n contribuyan a un ambiente m\u00e1s saludable y agradable. Aspiramos a ser la primera elecci\u00f3n para soluciones ac\u00fasticas integrales, combinando dise\u00f1o, funcionalidad y respeto por el medio ambiente en cada proyecto que emprendemos&nbsp;&nbsp;<\/p><\/div>\n<\/div>\n<\/div><\/div>\n\n\n\n<div class=\"wp-block-uagb-container uagb-block-61e8ac2a alignfull uagb-is-root-container\"><div class=\"uagb-container-inner-blocks-wrap\">\n<div class=\"wp-block-uagb-info-box uagb-block-54aaf525 uagb-infobox__content-wrap  uagb-infobox-icon-below-title uagb-infobox-image-valign-top\"><div class=\"uagb-ifb-content\"><div class=\"uagb-ifb-title-wrap\"><h4 class=\"uagb-ifb-title\">Nuestros paneles ac\u00fasticos no solo absorben el sonido, sino que tambi\u00e9n a\u00f1aden un toque de elegancia y sofisticaci\u00f3n a cualquier ambiente.<\/h4><\/div><\/div><\/div>\n<\/div><\/div>\n","protected":false},"excerpt":{"rendered":"<p>Sobre Nosotros En Sonotec, nos dedicamos a ofrecer&nbsp;soluciones ac\u00fasticas&nbsp;innovadoras y de alta calidad. Especializados en la fabricaci\u00f3n de&nbsp;paneles ac\u00fasticos&nbsp;decorativos y&nbsp;absorbentes [&hellip;]<\/p>\n","protected":false},"author":1,"featured_media":0,"parent":0,"menu_order":0,"comment_status":"closed","ping_status":"closed","template":"","meta":{"_uag_custom_page_level_css":"","site-sidebar-layout":"no-sidebar","site-content-layout":"page-builder","ast-site-content-layout":"full-width-container","site-content-style":"unboxed","site-sidebar-style":"default","ast-global-header-display":"","ast-banner-title-visibility":"","ast-main-header-display":"","ast-hfb-above-header-display":"","ast-hfb-below-header-display":"","ast-hfb-mobile-header-display":"","site-post-title":"disabled","ast-breadcrumbs-content":"","ast-featured-img":"disabled","footer-sml-layout":"","theme-transparent-header-meta":"disabled","adv-header-id-meta":"","stick-header-meta":"","header-above-stick-meta":"","header-main-stick-meta":"","header-below-stick-meta":"","astra-migrate-meta-layouts":"set","ast-page-background-enabled":"default","ast-page-background-meta":{"desktop":{"background-color":"var(--ast-global-color-4)","background-image":"","background-repeat":"repeat","background-position":"center center","background-size":"auto","background-attachment":"scroll","background-type":"","background-media":"","overlay-type":"","overlay-color":"","overlay-opacity":"","overlay-gradient":""},"tablet":{"background-color":"","background-image":"","background-repeat":"repeat","background-position":"center center","background-size":"auto","background-attachment":"scroll","background-type":"","background-media":"","overlay-type":"","overlay-color":"","overlay-opacity":"","overlay-gradient":""},"mobile":{"background-color":"","background-image":"","background-repeat":"repeat","background-position":"center center","background-size":"auto","background-attachment":"scroll","background-type":"","background-media":"","overlay-type":"","overlay-color":"","overlay-opacity":"","overlay-gradient":""}},"ast-content-background-meta":{"desktop":{"background-color":"var(--ast-global-color-5)","background-image":"","background-repeat":"repeat","background-position":"center center","background-size":"auto","background-attachment":"scroll","background-type":"","background-media":"","overlay-type":"","overlay-color":"","overlay-opacity":"","overlay-gradient":""},"tablet":{"background-color":"var(--ast-global-color-5)","background-image":"","background-repeat":"repeat","background-position":"center center","background-size":"auto","background-attachment":"scroll","background-type":"","background-media":"","overlay-type":"","overlay-color":"","overlay-opacity":"","overlay-gradient":""},"mobile":{"background-color":"var(--ast-global-color-5)","background-image":"","background-repeat":"repeat","background-position":"center center","background-size":"auto","background-attachment":"scroll","background-type":"","background-media":"","overlay-type":"","overlay-color":"","overlay-opacity":"","overlay-gradient":""}},"footnotes":""},"class_list":["post-2301","page","type-page","status-publish","hentry"],"aioseo_notices":[],"uagb_featured_image_src":{"full":false,"thumbnail":false,"medium":false,"medium_large":false,"large":false,"1536x1536":false,"2048x2048":false},"uagb_author_info":{"display_name":"Creamaxdesings@gmail.com","author_link":"https:\/\/sonotec.mx\/?author=1"},"uagb_comment_info":0,"uagb_excerpt":"Sobre Nosotros En Sonotec, nos dedicamos a ofrecer&nbsp;soluciones ac\u00fasticas&nbsp;innovadoras y de alta calidad. Especializados en la fabricaci\u00f3n de&nbsp;paneles ac\u00fasticos&nbsp;decorativos y&nbsp;absorbentes [&hellip;]","_links":{"self":[{"href":"https:\/\/sonotec.mx\/index.php?rest_route=\/wp\/v2\/pages\/2301"}],"collection":[{"href":"https:\/\/sonotec.mx\/index.php?rest_route=\/wp\/v2\/pages"}],"about":[{"href":"https:\/\/sonotec.mx\/index.php?rest_route=\/wp\/v2\/types\/page"}],"author":[{"embeddable":true,"href":"https:\/\/sonotec.mx\/index.php?rest_route=\/wp\/v2\/users\/1"}],"replies":[{"embeddable":true,"href":"https:\/\/sonotec.mx\/index.php?rest_route=%2Fwp%2Fv2%2Fcomments&post=2301"}],"version-history":[{"count":7,"href":"https:\/\/sonotec.mx\/index.php?rest_route=\/wp\/v2\/pages\/2301\/revisions"}],"predecessor-version":[{"id":2688,"href":"https:\/\/sonotec.mx\/index.php?rest_route=\/wp\/v2\/pages\/2301\/revisions\/2688"}],"wp:attachment":[{"href":"https:\/\/sonotec.mx\/index.php?rest_route=%2Fwp%2Fv2%2Fmedia&parent=2301"}],"curies":[{"name":"wp","href":"https:\/\/api.w.org\/{rel}","templated":true}]}}